{"id":3993,"date":"2024-10-21T05:29:55","date_gmt":"2024-10-21T08:29:55","guid":{"rendered":"https:\/\/bendinilog.com.br\/?page_id=3993"},"modified":"2026-03-06T14:53:04","modified_gmt":"2026-03-06T17:53:04","slug":"canal-de-denuncias","status":"publish","type":"page","link":"https:\/\/bendinilog.com.br\/ch\/canal-de-denuncias\/","title":{"rendered":"\u6aa2\u8209\u4eba\u983b\u9053"},"content":{"rendered":"<div data-elementor-type=\"wp-page\" data-elementor-id=\"3993\" class=\"elementor elementor-3993\" data-elementor-post-type=\"page\">\n\t\t\t\t<div class=\"elementor-element elementor-element-93a1cd9 e-con-full e-flex e-con e-parent\" data-id=\"93a1cd9\" data-element_type=\"container\" data-settings=\"{&quot;background_background&quot;:&quot;classic&quot;}\">\n\t\t<a class=\"elementor-element elementor-element-f76defc e-flex e-con-boxed e-con e-child\" data-id=\"f76defc\" data-element_type=\"container\" data-settings=\"{&quot;background_background&quot;:&quot;classic&quot;}\">\n\t\t\t\t\t<div class=\"e-con-inner\">\n\t\t\t\t<div class=\"elementor-element elementor-element-253f628 elementor-widget__width-initial elementor-widget-mobile__width-inherit lqd-text-tag-h2 elementor-widget elementor-widget-lqd-text\" data-id=\"253f628\" data-element_type=\"widget\" data-widget_type=\"lqd-text.default\">\n\t\t\t\t<div class=\"elementor-widget-container\">\n\t\t\t\t\t<h2 class=\"lqd-text-el m-0 p-0\"><span class=\"lqd-text-item relative elementor-repeater-item-cedf840\">\u6aa2\u8209\u4eba\u983b\u9053<\/span><\/h2>\t\t\t\t<\/div>\n\t\t\t\t<\/div>\n\t\t\t\t<div class=\"elementor-element elementor-element-7f408f5 lqd-text-tag-p elementor-widget__width-initial elementor-widget-mobile__width-inherit elementor-widget elementor-widget-lqd-text\" data-id=\"7f408f5\" data-element_type=\"widget\" data-widget_type=\"lqd-text.default\">\n\t\t\t\t<div class=\"elementor-widget-container\">\n\t\t\t\t\t<p class=\"lqd-text-el m-0 p-0\"><span class=\"lqd-text-item relative elementor-repeater-item-e836d08\">O Canal de Den\u00fancia \u00e9 um meio de comunica\u00e7\u00e3o disponibilizado para os colaboradores e demais interessados denunciarem a\u00e7\u00f5es, omiss\u00f5es, irregularidades, desconformidades, qualquer fato que contrarie a legisla\u00e7\u00e3o vigente, o C\u00f3digo de Conduta, pol\u00edticas e normas internas do Grupo Bendini, ou ainda, aquelas a\u00e7\u00f5es que possam causar algum dano a qualquer atividade do grupo, aos seus colaboradores e demais interessados.<\/span><\/p>\t\t\t\t<\/div>\n\t\t\t\t<\/div>\n\t\t<style>.elementor-element-7f408f5 {\n   transform: translate3d(0px,20px,0px) scale(1, 1.5) rotateX(0deg) rotateY(0deg) rotateZ(0deg) skew(0deg, 0deg);\n   opacity: 0;\n}\n<\/style><script>\n\t\twindow.liquid.behaviors.push( {\n\t\t\tdataId: \"7f408f5\",\n\t\t\tbehaviors:[\n\t\t\t\t{behaviorName:'liquidGetElementComputedStyles',options:{includeSelf:true,getRect:true,addGhosts:true}},{behaviorName:'liquidAnimations',options:{domain:'inview',trigger:'ghost',duration:0.65000000000000002220446049250313080847263336181640625,ease:'expo.out',stagger:{each:0.01499999999999999944488848768742172978818416595458984375,from:'start'},delay:0,start:'top+=30px bottom',startElementOffset:0,startViewportOffset:0,animations:[{elements:'self',breakpointsKeyframes:{all:{keyframes:[{scaleX:1,scaleY:1,skewX:0,skewY:0,x:'0px',y:'0px',z:'0px',rotateX:0,rotateY:0,rotateZ:0,opacity:1}]}}}]}},\n\t\t\t]\n\t\t} );\n\t\t\n\t\t<\/script>\t\t\t<\/div>\n\t\t\t\t<\/a>\n\t\t<div class=\"elementor-element elementor-element-e3a21d5 e-flex e-con-boxed e-con e-child\" data-id=\"e3a21d5\" data-element_type=\"container\">\n\t\t\t\t\t<div class=\"e-con-inner\">\n\t\t\t\t<div class=\"elementor-element elementor-element-111e5d8 elementor-widget__width-initial elementor-widget-mobile__width-inherit elementor-widget elementor-widget-metform\" data-id=\"111e5d8\" data-element_type=\"widget\" data-widget_type=\"metform.default\">\n\t\t\t\t<div class=\"elementor-widget-container\">\n\t\t\t\t\t<div id=\"mf-response-props-id-4003\" data-previous-steps-style=\"\" data-editswitchopen=\"\" data-response_type=\"alert\" data-erroricon=\"fas fa-exclamation-triangle\" data-successicon=\"fas fa-check\" data-messageposition=\"top\" class=\"mf-scroll-top-no\">\n\t\t<div class=\"formpicker_warper formpicker_warper_editable\" data-metform-formpicker-key=\"4003\" >\n\t\t\t\t\n\t\t\t<div class=\"mf-widget-container\">\n\t\t\t\t\r\n\t\t<div\r\n\t\t\tid=\"metform-wrap-111e5d8-4003\"\r\n\t\t\tclass=\"mf-form-wrapper\"\r\n\t\t\tdata-form-id=\"4003\"\r\n\t\t\tdata-action=\"https:\/\/bendinilog.com.br\/ch\/wp-json\/metform\/v1\/entries\/insert\/4003\"\r\n\t\t\tdata-wp-nonce=\"30c0a48d4b\"\r\n\t\t\tdata-form-nonce=\"614ba00172\"\r\n\t\t\tdata-quiz-summery = \"false\"\r\n\t\t\tdata-save-progress = \"false\"\r\n\t\t\tdata-form-type=\"general-form\"\r\n\t\t\tdata-stop-vertical-effect=\"\"\r\n\t\t\t><\/div>\r\n\r\n\r\n\t\t<!----------------------------- \r\n\t\t\t* controls_data : find the the props passed indie of data attribute\r\n\t\t\t* props.SubmitResponseMarkup : contains the markup of error or success message\r\n\t\t\t* https:\/\/developer.mozilla.org\/en-US\/docs\/Web\/JavaScript\/Reference\/Template_literals\r\n\t\t--------------------------- -->\r\n\r\n\t\t\t\t<script type=\"text\/mf\" class=\"mf-template\">\r\n\t\t\tfunction controls_data (value){\r\n\t\t\t\tlet currentWrapper = \"mf-response-props-id-4003\";\r\n\t\t\t\tlet currentEl = document.getElementById(currentWrapper);\r\n\t\t\t\t\r\n\t\t\t\treturn currentEl ? currentEl.dataset[value] : false\r\n\t\t\t}\r\n\r\n\r\n\t\t\tlet is_edit_mode = '' ? true : false;\r\n\t\t\tlet message_position = controls_data('messageposition') || 'top';\r\n\r\n\t\t\t\r\n\t\t\tlet message_successIcon = controls_data('successicon') || '';\r\n\t\t\tlet message_errorIcon = controls_data('erroricon') || '';\r\n\t\t\tlet message_editSwitch = controls_data('editswitchopen') === 'yes' ? true : false;\r\n\t\t\tlet message_proClass = controls_data('editswitchopen') === 'yes' ? 'mf_pro_activated' : '';\r\n\t\t\t\r\n\t\t\tlet is_dummy_markup = is_edit_mode && message_editSwitch ? true : false;\r\n\r\n\t\t\t\r\n\t\t\treturn html`\r\n\t\t\t\t<form\r\n\t\t\t\t\tclassName=\"metform-form-content\"\r\n\t\t\t\t\tref=${parent.formContainerRef}\r\n\t\t\t\t\tonSubmit=${ validation.handleSubmit( parent.handleFormSubmit ) }\r\n\t\t\t\t\r\n\t\t\t\t\t>\r\n\t\t\t\r\n\t\t\t\r\n\t\t\t\t\t${is_dummy_markup ? message_position === 'top' ?  props.ResponseDummyMarkup(message_successIcon, message_proClass) : '' : ''}\r\n\t\t\t\t\t${is_dummy_markup ? ' ' :  message_position === 'top' ? props.SubmitResponseMarkup`${parent}${state}${message_successIcon}${message_errorIcon}${message_proClass}` : ''}\r\n\r\n\t\t\t\t\t<!--------------------------------------------------------\r\n\t\t\t\t\t*** IMPORTANT \/ DANGEROUS ***\r\n\t\t\t\t\t${html``} must be used as in immediate child of \"metform-form-main-wrapper\"\r\n\t\t\t\t\tclass otherwise multistep form will not run at all\r\n\t\t\t\t\t---------------------------------------------------------->\r\n\r\n\t\t\t\t\t<div className=\"metform-form-main-wrapper\" key=${'hide-form-after-submit'} ref=${parent.formRef}>\r\n\t\t\t\t\t${html`\r\n\t\t\t\t\t\t\t\t<div data-elementor-type=\"wp-post\" key=\"2\" data-elementor-id=\"4003\" className=\"elementor elementor-4003\" data-elementor-post-type=\"metform-form\">\n\t\t\t\t<div className=\"elementor-element elementor-element-f4fbf2f e-con-full e-flex e-con e-parent\" data-id=\"f4fbf2f\" data-element_type=\"container\">\n\t\t\t\t<div className=\"elementor-element elementor-element-e2aa631 elementor-widget__width-inherit elementor-widget elementor-widget-mf-textarea\" data-id=\"e2aa631\" data-element_type=\"widget\" data-settings=\"{&quot;mf_input_name&quot;:&quot;mf-textarea&quot;}\" data-widget_type=\"mf-textarea.default\">\n\t\t\t\t<div className=\"elementor-widget-container\">\n\t\t\t\t\t\r\n\t\t<div className=\"mf-input-wrapper\">\r\n\t\t\t\t\t\t\t<label className=\"mf-input-label\" htmlFor=\"mf-input-text-area-e2aa631\">\r\n\t\t\t\t\t${ parent.decodeEntities(`O que voc\u00ea quer denunciar?`) } \t\t\t\t\t<span className=\"mf-input-required-indicator\">*<\/span>\r\n\t\t\t\t<\/label>\r\n\t\t\t\r\n\t\t\t<textarea className=\"mf-input mf-textarea \" id=\"mf-input-text-area-e2aa631\"\r\n\t\t\t\tname=\"mf-textarea\" \r\n\t\t\t\tplaceholder=\"${ parent.decodeEntities(`Descreva o mais detalhadamente poss\u00edvel o que aconteceu: Indique o nome (s) da (s) pessoa (s) que est\u00e1 (\u00e3o) envolvida (s), data, hor\u00e1rio e local do ocorrido.`) } \"\r\n\t\t\t\tcols=\"30\" rows=\"10\"\r\n\t\t\t\t\t\t\t\t\tonInput=${ parent.handleChange }\r\n\t\t\t\t\taria-invalid=${validation.errors['mf-textarea'] ? 'true' : 'false'}\r\n\t\t\t\t\tref=${ el => parent.activateValidation({\"message\":\"Esse campo \\u00e9 obrigat\\u00f3rio.\",\"minLength\":1,\"maxLength\":\"\",\"type\":\"none\",\"required\":true,\"expression\":\"null\"}, el)}\r\n\t\t\t\t\t\t\t\t><\/textarea>\r\n\r\n\t\t\t\t\t\t\t<${validation.ErrorMessage}\r\n\t\t\t\t\terrors=${validation.errors}\r\n\t\t\t\t\tname=\"mf-textarea\"\r\n\t\t\t\t\tas=${html`<span className=\"mf-error-message\"><\/span>`}\r\n\t\t\t\t\t\/>\r\n\t\t\t\t\t\t\t\t<\/div>\r\n\r\n\t\t\t\t\t\t<\/div>\n\t\t\t\t<\/div>\n\t\t\t\t<div className=\"elementor-element elementor-element-f8546cc elementor-widget elementor-widget-mf-file-upload\" data-id=\"f8546cc\" data-element_type=\"widget\" data-settings=\"{&quot;mf_input_name&quot;:&quot;mf-file-upload&quot;}\" data-widget_type=\"mf-file-upload.default\">\n\t\t\t\t<div className=\"elementor-widget-container\">\n\t\t\t\t\t\t\t\r\n\t\t\r\n\t\t<div className=\"mf-input-wrapper\">\r\n\t\t\t\t\t\t\t<label className=\"mf-input-label\" htmlFor=\"mf-input-file-upload-f8546cc\">\r\n\t\t\t\t\t${ parent.decodeEntities(`Deseja enviar v\u00eddeos, fotos ou outros documentos? `) } \t\t\t\t\t<span className=\"mf-input-required-indicator\"><\/span>\r\n\t\t\t\t<\/label>\r\n\t\t\t\r\n\t\t\t<div className=\"mf-file-upload-container multi-option-input-type\">\r\n\t\t\t\t<input\r\n\t\t\t\t\ttype=\"file\"\r\n\t\t\t\t\tclassName=\"mf-input mf-input-file-upload \"\r\n\t\t\t\t\tid=\"mf-input-file-upload-f8546cc\" \r\n\t\t\t\t\tname=\"mf-file-upload\" \r\n\t\t\t\t\tmultiple\t\t\t\t\taccept=\".jpg, .jpeg, .gif, .png, .mp4, .mov, .avi, .mpg\"\r\n\t\t\t\t\tonInput=${ parent.handleFileUpload }\r\n\t\t\t\t\taria-invalid=${validation.errors['mf-file-upload'] ? 'true' : 'false'}\r\n\t\t\t\t\tref=${ el => parent.activateValidation({\"message\":\"\\u6b64\\u9879\\u4e3a\\u5fc5\\u586b\\u9879\\u3002\",\"required\":false,\"file_types\":[\".jpg\",\".jpeg\",\".gif\",\".png\",\".mp4\",\".mov\",\".avi\",\".mpg\"],\"type_message\":\"Invalid file extension\",\"size_limit\":-1,\"limit_message\":\"\\u6b64\\u9879\\u4e3a\\u5fc5\\u586b\\u9879\\u3002\"}, el) }\r\n\t\t\t\t\t\/>\r\n\t\t\t\t<label htmlFor=\"mf-input-file-upload-f8546cc\" className=\"mf-input-file-upload-label metform-btn\">\r\n\t\t\t\t\t<span>${ parent.decodeEntities(`Anexe um arquivo`) } <\/span><i aria-hidden=\"true\" className=\"akar-icons ai-cloud-upload\"><\/i>\t\t\t\t<\/label>\r\n\t\t\t\t<div className=\"mf-file-name\">\r\n\t\t\t\t\t${\r\n\t\t\t\t\t\t(parent.state.formData['mf-file-upload'] || []).length > 0\r\n\t\t\t\t\t\t? parent.state.formData['mf-file-upload'].map((file, idx) => html`\r\n\t\t\t\t\t\t\t<span className=\"mf-file-name-item\" key=${idx}>\r\n\t\t\t\t\t\t\t\t<span>${file.name}<\/span>\r\n\t\t\t\t\t\t\t\t<span \r\n\t\t\t\t\t\t\t\t\tclassName=\"mf-file-remove\" \r\n\t\t\t\t\t\t\t\t\tonClick=${() => parent.removeUploadedFile('mf-file-upload', idx)}\r\n\t\t\t\t\t\t\t\t\ttitle=\"Remove\"\r\n\t\t\t\t\t\t\t\t>\u00d7<\/span>\r\n\t\t\t\t\t\t\t<\/span>\r\n\t\t\t\t\t\t`)\r\n\t\t\t\t\t\t: html`<span>${parent.getFileLabel('mf-file-upload', 'Nenhum arquivo escolhido')}<\/span>`\r\n\t\t\t\t\t}\r\n\t\t\t\t<\/div>\r\n\t\t\t\t\r\n\t\t\t<\/div>\r\n\r\n\t\t\t\t\t\t\t<${validation.ErrorMessage}\r\n\t\t\t\t\terrors=${validation.errors}\r\n\t\t\t\t\tname=\"mf-file-upload\"\r\n\t\t\t\t\tas=${html`<span className=\"mf-error-message\"><\/span>`}\r\n\t\t\t\t\t\/>\r\n\t\t\t\r\n\t\t\t\t\t<\/div>\r\n\r\n\t\t\r\n\t\t\t\t\t\t<\/div>\n\t\t\t\t<\/div>\n\t\t\t\t<div className=\"elementor-element elementor-element-fb9bc30 elementor-widget__width-inherit mf-btn--justify elementor-widget elementor-widget-mf-button\" data-id=\"fb9bc30\" data-element_type=\"widget\" data-widget_type=\"mf-button.default\">\n\t\t\t\t<div className=\"elementor-widget-container\">\n\t\t\t\t\t\t\t<div className=\"mf-btn-wraper \" data-mf-form-conditional-logic-requirement=\"\">\r\n\t\t\t\t\t\t\t<button type=\"submit\" className=\"metform-btn metform-submit-btn \" id=\"\">\r\n\t\t\t\t\t<span>${ parent.decodeEntities(`Enviar Mensagem`) } <\/span>\r\n\t\t\t\t<\/button>\r\n\t\t\t        <\/div>\r\n        \t\t\t\t<\/div>\n\t\t\t\t<\/div>\n\t\t\t\t<\/div>\n\t\t\t\t<\/div>\n\t\t\t\t\t\t\t`}\r\n\t\t\t\t\t<\/div>\r\n\r\n\t\t\t\t\t${is_dummy_markup ? message_position === 'bottom' ? props.ResponseDummyMarkup(message_successIcon, message_proClass) : '' : ''}\r\n\t\t\t\t\t${is_dummy_markup ? ' ' : message_position === 'bottom' ? props.SubmitResponseMarkup`${parent}${state}${message_successIcon}${message_errorIcon}${message_proClass}` : ''}\r\n\t\t\t\t\r\n\t\t\t\t<\/form>\r\n\t\t\t`\r\n\t\t<\/script>\r\n\r\n\t\t\t\t\t<\/div>\n\t\t<\/div>\n\t\t<\/div>\t\t\t\t<\/div>\n\t\t\t\t<\/div>\n\t\t\t\t\t<\/div>\n\t\t\t\t<\/div>\n\t\t\t\t<\/div>\n\t\t<div class=\"elementor-element elementor-element-91cde60 e-flex e-con-boxed e-con e-parent\" data-id=\"91cde60\" data-element_type=\"container\">\n\t\t\t\t\t<div class=\"e-con-inner\">\n\t\t\t\t<div class=\"elementor-element elementor-element-dc39a7e elementor-widget elementor-widget-html\" data-id=\"dc39a7e\" data-element_type=\"widget\" data-widget_type=\"html.default\">\n\t\t\t\t<div class=\"elementor-widget-container\">\n\t\t\t\t\t<link rel=\"stylesheet\" href=\"https:\/\/maxcdn.bootstrapcdn.com\/font-awesome\/4.5.0\/css\/font-awesome.min.css\">\r\n<a href=\"https:\/\/wa.me\/5547991098096\" class=\"float\" target=\"_blank\">\r\n<i class=\"fa fa-whatsapp my-float\"><\/i>\r\n<\/a>\r\n\r\n\r\n<style>\r\n    .float{\r\n    border-radius: 99px;\r\n    padding: 20px 14px;\r\n    padding-top: 12px;\r\n    padding-bottom: 12px;\r\n    position: fixed;\r\n    bottom: 40px;\r\n    right: 40px;\r\n    background-color: #25d366;\r\n    color: #FFF;\r\n    border-radius: 50px;\r\n    text-align: center;\r\n    font-size: 36px;\r\n    box-shadow: 2px 2px 3px #999;\r\n    z-index: 100;\r\n}\r\n\r\n\r\n<\/style>\t\t\t\t<\/div>\n\t\t\t\t<\/div>\n\t\t\t\t\t<\/div>\n\t\t\t\t<\/div>\n\t\t\t\t<\/div>","protected":false},"excerpt":{"rendered":"<p>Canal de Den\u00fancias O Canal de Den\u00fancia \u00e9 um meio de comunica\u00e7\u00e3o disponibilizado para os colaboradores e demais interessados denunciarem a\u00e7\u00f5es, omiss\u00f5es, irregularidades, desconformidades, qualquer fato que contrarie a legisla\u00e7\u00e3o vigente, o C\u00f3digo de Conduta, pol\u00edticas e normas internas do Grupo Bendini, ou ainda, aquelas a\u00e7\u00f5es que possam causar algum dano a qualquer atividade do [&hellip;]<\/p>","protected":false},"author":1,"featured_media":0,"parent":0,"menu_order":0,"comment_status":"closed","ping_status":"closed","template":"","meta":{"footnotes":""},"class_list":["post-3993","page","type-page","status-publish","hentry"],"yoast_head":"<!-- This site is optimized with the Yoast SEO Premium plugin v26.0 (Yoast SEO v26.5) - https:\/\/yoast.com\/wordpress\/plugins\/seo\/ -->\n<title>Canal de Den\u00fancias - Bendini Log\u00edstica<\/title>\n<meta name=\"robots\" content=\"index, follow, max-snippet:-1, max-image-preview:large, max-video-preview:-1\" \/>\n<link rel=\"canonical\" href=\"https:\/\/bendinilog.com.br\/ch\/canal-de-denuncias\/\" \/>\n<meta property=\"og:locale\" content=\"zh_CN\" \/>\n<meta property=\"og:type\" content=\"article\" \/>\n<meta property=\"og:title\" content=\"Canal de Den\u00fancias\" \/>\n<meta property=\"og:description\" content=\"Canal de Den\u00fancias O Canal de Den\u00fancia \u00e9 um meio de comunica\u00e7\u00e3o disponibilizado para os colaboradores e demais interessados denunciarem a\u00e7\u00f5es, omiss\u00f5es, irregularidades, desconformidades, qualquer fato que contrarie a legisla\u00e7\u00e3o vigente, o C\u00f3digo de Conduta, pol\u00edticas e normas internas do Grupo Bendini, ou ainda, aquelas a\u00e7\u00f5es que possam causar algum dano a qualquer atividade do [&hellip;]\" \/>\n<meta property=\"og:url\" content=\"https:\/\/bendinilog.com.br\/ch\/canal-de-denuncias\/\" \/>\n<meta property=\"og:site_name\" content=\"Bendini Log\u00edstica\" \/>\n<meta property=\"article:modified_time\" content=\"2026-03-06T17:53:04+00:00\" \/>\n<meta name=\"twitter:card\" content=\"summary_large_image\" \/>\n<meta name=\"twitter:label1\" content=\"\u9884\u8ba1\u9605\u8bfb\u65f6\u95f4\" \/>\n\t<meta name=\"twitter:data1\" content=\"1 \u5206\" \/>\n<script type=\"application\/ld+json\" class=\"yoast-schema-graph\">{\"@context\":\"https:\/\/schema.org\",\"@graph\":[{\"@type\":\"WebPage\",\"@id\":\"https:\/\/bendinilog.com.br\/canal-de-denuncias\/\",\"url\":\"https:\/\/bendinilog.com.br\/canal-de-denuncias\/\",\"name\":\"Canal de Den\u00fancias - Bendini Log\u00edstica\",\"isPartOf\":{\"@id\":\"https:\/\/bendinilog.com.br\/#website\"},\"datePublished\":\"2024-10-21T08:29:55+00:00\",\"dateModified\":\"2026-03-06T17:53:04+00:00\",\"breadcrumb\":{\"@id\":\"https:\/\/bendinilog.com.br\/canal-de-denuncias\/#breadcrumb\"},\"inLanguage\":\"zh-Hans\",\"potentialAction\":[{\"@type\":\"ReadAction\",\"target\":[\"https:\/\/bendinilog.com.br\/canal-de-denuncias\/\"]}]},{\"@type\":\"BreadcrumbList\",\"@id\":\"https:\/\/bendinilog.com.br\/canal-de-denuncias\/#breadcrumb\",\"itemListElement\":[{\"@type\":\"ListItem\",\"position\":1,\"name\":\"In\u00edcio\",\"item\":\"https:\/\/bendinilog.com.br\/\"},{\"@type\":\"ListItem\",\"position\":2,\"name\":\"Canal de Den\u00fancias\"}]},{\"@type\":\"WebSite\",\"@id\":\"https:\/\/bendinilog.com.br\/#website\",\"url\":\"https:\/\/bendinilog.com.br\/\",\"name\":\"Bendini Log\u00edstica\",\"description\":\"\",\"publisher\":{\"@id\":\"https:\/\/bendinilog.com.br\/#organization\"},\"potentialAction\":[{\"@type\":\"SearchAction\",\"target\":{\"@type\":\"EntryPoint\",\"urlTemplate\":\"https:\/\/bendinilog.com.br\/?s={search_term_string}\"},\"query-input\":{\"@type\":\"PropertyValueSpecification\",\"valueRequired\":true,\"valueName\":\"search_term_string\"}}],\"inLanguage\":\"zh-Hans\"},{\"@type\":\"Organization\",\"@id\":\"https:\/\/bendinilog.com.br\/#organization\",\"name\":\"Bendini Log\u00edstica\",\"url\":\"https:\/\/bendinilog.com.br\/\",\"logo\":{\"@type\":\"ImageObject\",\"inLanguage\":\"zh-Hans\",\"@id\":\"https:\/\/bendinilog.com.br\/#\/schema\/logo\/image\/\",\"url\":\"https:\/\/bendinilog.com.br\/wp-content\/uploads\/2023\/09\/logo-dark-1.svg\",\"contentUrl\":\"https:\/\/bendinilog.com.br\/wp-content\/uploads\/2023\/09\/logo-dark-1.svg\",\"width\":1,\"height\":1,\"caption\":\"Bendini Log\u00edstica\"},\"image\":{\"@id\":\"https:\/\/bendinilog.com.br\/#\/schema\/logo\/image\/\"}}]}<\/script>\n<!-- \/ Yoast SEO Premium plugin. -->","yoast_head_json":{"title":"Canal de Den\u00fancias - Bendini Log\u00edstica","robots":{"index":"index","follow":"follow","max-snippet":"max-snippet:-1","max-image-preview":"max-image-preview:large","max-video-preview":"max-video-preview:-1"},"canonical":"https:\/\/bendinilog.com.br\/ch\/canal-de-denuncias\/","og_locale":"zh_CN","og_type":"article","og_title":"Canal de Den\u00fancias","og_description":"Canal de Den\u00fancias O Canal de Den\u00fancia \u00e9 um meio de comunica\u00e7\u00e3o disponibilizado para os colaboradores e demais interessados denunciarem a\u00e7\u00f5es, omiss\u00f5es, irregularidades, desconformidades, qualquer fato que contrarie a legisla\u00e7\u00e3o vigente, o C\u00f3digo de Conduta, pol\u00edticas e normas internas do Grupo Bendini, ou ainda, aquelas a\u00e7\u00f5es que possam causar algum dano a qualquer atividade do [&hellip;]","og_url":"https:\/\/bendinilog.com.br\/ch\/canal-de-denuncias\/","og_site_name":"Bendini Log\u00edstica","article_modified_time":"2026-03-06T17:53:04+00:00","twitter_card":"summary_large_image","twitter_misc":{"\u9884\u8ba1\u9605\u8bfb\u65f6\u95f4":"1 \u5206"},"schema":{"@context":"https:\/\/schema.org","@graph":[{"@type":"WebPage","@id":"https:\/\/bendinilog.com.br\/canal-de-denuncias\/","url":"https:\/\/bendinilog.com.br\/canal-de-denuncias\/","name":"Canal de Den\u00fancias - Bendini Log\u00edstica","isPartOf":{"@id":"https:\/\/bendinilog.com.br\/#website"},"datePublished":"2024-10-21T08:29:55+00:00","dateModified":"2026-03-06T17:53:04+00:00","breadcrumb":{"@id":"https:\/\/bendinilog.com.br\/canal-de-denuncias\/#breadcrumb"},"inLanguage":"zh-Hans","potentialAction":[{"@type":"ReadAction","target":["https:\/\/bendinilog.com.br\/canal-de-denuncias\/"]}]},{"@type":"BreadcrumbList","@id":"https:\/\/bendinilog.com.br\/canal-de-denuncias\/#breadcrumb","itemListElement":[{"@type":"ListItem","position":1,"name":"In\u00edcio","item":"https:\/\/bendinilog.com.br\/"},{"@type":"ListItem","position":2,"name":"Canal de Den\u00fancias"}]},{"@type":"WebSite","@id":"https:\/\/bendinilog.com.br\/#website","url":"https:\/\/bendinilog.com.br\/","name":"Bendini Log\u00edstica","description":"","publisher":{"@id":"https:\/\/bendinilog.com.br\/#organization"},"potentialAction":[{"@type":"SearchAction","target":{"@type":"EntryPoint","urlTemplate":"https:\/\/bendinilog.com.br\/?s={search_term_string}"},"query-input":{"@type":"PropertyValueSpecification","valueRequired":true,"valueName":"search_term_string"}}],"inLanguage":"zh-Hans"},{"@type":"Organization","@id":"https:\/\/bendinilog.com.br\/#organization","name":"Bendini Log\u00edstica","url":"https:\/\/bendinilog.com.br\/","logo":{"@type":"ImageObject","inLanguage":"zh-Hans","@id":"https:\/\/bendinilog.com.br\/#\/schema\/logo\/image\/","url":"https:\/\/bendinilog.com.br\/wp-content\/uploads\/2023\/09\/logo-dark-1.svg","contentUrl":"https:\/\/bendinilog.com.br\/wp-content\/uploads\/2023\/09\/logo-dark-1.svg","width":1,"height":1,"caption":"Bendini Log\u00edstica"},"image":{"@id":"https:\/\/bendinilog.com.br\/#\/schema\/logo\/image\/"}}]}},"_links":{"self":[{"href":"https:\/\/bendinilog.com.br\/ch\/wp-json\/wp\/v2\/pages\/3993","targetHints":{"allow":["GET"]}}],"collection":[{"href":"https:\/\/bendinilog.com.br\/ch\/wp-json\/wp\/v2\/pages"}],"about":[{"href":"https:\/\/bendinilog.com.br\/ch\/wp-json\/wp\/v2\/types\/page"}],"author":[{"embeddable":true,"href":"https:\/\/bendinilog.com.br\/ch\/wp-json\/wp\/v2\/users\/1"}],"replies":[{"embeddable":true,"href":"https:\/\/bendinilog.com.br\/ch\/wp-json\/wp\/v2\/comments?post=3993"}],"version-history":[{"count":28,"href":"https:\/\/bendinilog.com.br\/ch\/wp-json\/wp\/v2\/pages\/3993\/revisions"}],"predecessor-version":[{"id":6391,"href":"https:\/\/bendinilog.com.br\/ch\/wp-json\/wp\/v2\/pages\/3993\/revisions\/6391"}],"wp:attachment":[{"href":"https:\/\/bendinilog.com.br\/ch\/wp-json\/wp\/v2\/media?parent=3993"}],"curies":[{"name":"wp","href":"https:\/\/api.w.org\/{rel}","templated":true}]}}